{"id":277,"date":"2023-10-10T22:29:55","date_gmt":"2023-10-10T20:29:55","guid":{"rendered":"https:\/\/ccme.org.mz\/ser-socio\/quotas\/"},"modified":"2025-09-29T13:10:22","modified_gmt":"2025-09-29T11:10:22","slug":"cuotas","status":"publish","type":"page","link":"https:\/\/ccme.org.mz\/es\/ser-socio\/cuotas\/","title":{"rendered":"Cuotas"},"content":{"rendered":"\t\t<div data-elementor-type=\"wp-page\" data-elementor-id=\"277\" class=\"elementor elementor-277 elementor-232\">\n\t\t\t\t<div class=\"elementor-element elementor-element-62d3fff e-flex e-con-boxed e-con e-parent\" data-id=\"62d3fff\" data-element_type=\"container\">\n\t\t\t\t\t<div class=\"e-con-inner\">\n\t\t<div class=\"elementor-element elementor-element-490bc15 e-con-full e-flex e-con e-child\" data-id=\"490bc15\" data-element_type=\"container\">\n\t\t\t\t<div class=\"elementor-element elementor-element-367e283 elementor-widget elementor-widget-text-editor\" data-id=\"367e283\" data-element_type=\"widget\" data-widget_type=\"text-editor.default\">\n\t\t\t\t\t\t\t\t\t<div class=\"quota\"><table><tbody><tr><td class=\"cname\">Individual:<\/td><td class=\"qvalue\">200 \u20ac<\/td><td class=\"ns\">\u00a0<\/td><\/tr><tr><td class=\"cname\">Empresa:<\/td><td class=\"qvalue\">1.500 \u20ac<\/td><td class=\"ns\">\u00a0<\/td><\/tr><tr><td class=\"cname\">Gran Empresa:<\/td><td class=\"qvalue\">2.500 \u20ac<\/td><td class=\"ns\">1<\/td><\/tr><tr><td class=\"cname\">\u201cNew Comer\u201d:<\/td><td class=\"qvalue\">500 \u20ac<\/td><td class=\"ns\">2<\/td><\/tr><tr><td class=\"cname\">Institucional:<\/td><td class=\"qvalue\">10.000 \u20ac<\/td><td class=\"ns\">3<\/td><\/tr><tr><td class=\"cname\">Peque\u00f1a Empresa Local<\/td><td class=\"qvalue\">500 \u20ac<\/td><td class=\"ns\">4<\/td><\/tr><\/tbody><\/table><\/div><p>\u00a0<\/p><p>1. Eur.25,0 Mln de ventas o parte de grupo multinacional.<\/p><p>2. Empresa constituida en Mozambique hace menos de 2 a\u00f1os y que no pueda ser considerada Grande Empresa.<\/p><p>3. Miembro o Patrocinador que manifieste su inter\u00e9s en apoyar las actividades de la C\u00e1mara de Comercio de forma institucional por un per\u00edodo m\u00ednimo de 1 a\u00f1o y al que la CCME otorgar\u00e1 una amplia visibilidad en los eventos organizados.<\/p><p>4. Sin derecho a voto en las Juntas Generales<\/p>\t\t\t\t\t\t\t\t<\/div>\n\t\t\t\t<\/div>\n\t\t<div class=\"elementor-element elementor-element-1d97c0c e-con-full sidebar-container e-flex e-con e-child\" data-id=\"1d97c0c\" data-element_type=\"container\">\n\t\t\t\t<div class=\"elementor-element elementor-element-b8c3532 sidebar-navmenu elementor-widget elementor-widget-sidebar\" data-id=\"b8c3532\" data-element_type=\"widget\" data-widget_type=\"sidebar.default\">\n\t\t\t\t\t<div id=\"nav_menu-9\" class=\"widget clearfix widget_nav_menu\"><div class=\"menu-ser-socio-es-container\"><ul id=\"menu-ser-socio-es\" class=\"menu\"><li id=\"menu-item-311\" class=\"menu-item menu-item-type-post_type menu-item-object-page menu-item-311\"><a href=\"https:\/\/ccme.org.mz\/es\/ser-socio\/condiciones\/\">Condiciones<\/a><\/li>\n<li id=\"menu-item-310\" class=\"menu-item menu-item-type-post_type menu-item-object-page menu-item-310\"><a href=\"https:\/\/ccme.org.mz\/es\/ser-socio\/beneficios\/\">Beneficios<\/a><\/li>\n<li id=\"menu-item-309\" class=\"menu-item menu-item-type-post_type menu-item-object-page menu-item-309\"><a href=\"https:\/\/ccme.org.mz\/es\/ser-socio\/cuotas\/\">Cuotas<\/a><\/li>\n<li id=\"menu-item-308\" class=\"menu-item menu-item-type-post_type menu-item-object-page menu-item-308\"><a href=\"https:\/\/ccme.org.mz\/es\/ser-socio\/suscribirse\/\">Suscribirse<\/a><\/li>\n<li id=\"menu-item-307\" class=\"menu-item menu-item-type-post_type menu-item-object-page menu-item-307\"><a href=\"https:\/\/ccme.org.mz\/es\/ser-socio\/miembros\/\">Miembros<\/a><\/li>\n<li id=\"menu-item-306\" class=\"menu-item menu-item-type-post_type menu-item-object-page menu-item-306\"><a href=\"https:\/\/ccme.org.mz\/es\/ser-socio\/sponsors\/\">Sponsors<\/a><\/li>\n<li id=\"menu-item-305\" class=\"menu-item menu-item-type-post_type menu-item-object-page menu-item-305\"><a href=\"https:\/\/ccme.org.mz\/es\/ser-socio\/miembros-institucionales\/\">Miembros Institucionales<\/a><\/li>\n<\/ul><\/div><\/div>\t\t\t\t<\/div>\n\t\t\t\t<\/div>\n\t\t\t\t\t<\/div>\n\t\t\t\t<\/div>\n\t\t\t\t<\/div>\n\t\t","protected":false},"excerpt":{"rendered":"<p>Individual: 200 \u20ac \u00a0 Empresa: 1.500 \u20ac \u00a0 Gran Empresa: 2.500 \u20ac 1 \u201cNew Comer\u201d: 500 \u20ac 2 Institucional: 10.000 \u20ac 3 Peque\u00f1a Empresa Local 500 \u20ac 4 \u00a0 1. Eur.25,0 Mln de ventas o parte de grupo multinacional. 2. Empresa constituida en Mozambique hace menos de 2 a\u00f1os y que no pueda ser considerada [&hellip;]<\/p>\n","protected":false},"author":1,"featured_media":0,"parent":275,"menu_order":0,"comment_status":"closed","ping_status":"closed","template":"","meta":{"footnotes":""},"class_list":["post-277","page","type-page","status-publish","hentry"],"_links":{"self":[{"href":"https:\/\/ccme.org.mz\/es\/wp-json\/wp\/v2\/pages\/277","targetHints":{"allow":["GET"]}}],"collection":[{"href":"https:\/\/ccme.org.mz\/es\/wp-json\/wp\/v2\/pages"}],"about":[{"href":"https:\/\/ccme.org.mz\/es\/wp-json\/wp\/v2\/types\/page"}],"author":[{"embeddable":true,"href":"https:\/\/ccme.org.mz\/es\/wp-json\/wp\/v2\/users\/1"}],"replies":[{"embeddable":true,"href":"https:\/\/ccme.org.mz\/es\/wp-json\/wp\/v2\/comments?post=277"}],"version-history":[{"count":4,"href":"https:\/\/ccme.org.mz\/es\/wp-json\/wp\/v2\/pages\/277\/revisions"}],"predecessor-version":[{"id":1928,"href":"https:\/\/ccme.org.mz\/es\/wp-json\/wp\/v2\/pages\/277\/revisions\/1928"}],"up":[{"embeddable":true,"href":"https:\/\/ccme.org.mz\/es\/wp-json\/wp\/v2\/pages\/275"}],"wp:attachment":[{"href":"https:\/\/ccme.org.mz\/es\/wp-json\/wp\/v2\/media?parent=277"}],"curies":[{"name":"wp","href":"https:\/\/api.w.org\/{rel}","templated":true}]}}