{"id":276,"date":"2023-10-10T22:30:36","date_gmt":"2023-10-10T20:30:36","guid":{"rendered":"https:\/\/ccme.org.mz\/ser-socio\/sponsors\/"},"modified":"2025-09-29T13:11:12","modified_gmt":"2025-09-29T11:11:12","slug":"sponsors","status":"publish","type":"page","link":"https:\/\/ccme.org.mz\/es\/ser-socio\/sponsors\/","title":{"rendered":"Sponsors"},"content":{"rendered":"\t\t<div data-elementor-type=\"wp-page\" data-elementor-id=\"276\" class=\"elementor elementor-276 elementor-235\">\n\t\t\t\t<div class=\"elementor-element elementor-element-4fe46a7 e-flex e-con-boxed e-con e-parent\" data-id=\"4fe46a7\" data-element_type=\"container\">\n\t\t\t\t\t<div class=\"e-con-inner\">\n\t\t<div class=\"elementor-element elementor-element-3568b17 e-con-full logo-img-st e-flex e-con e-child\" data-id=\"3568b17\" data-element_type=\"container\">\n\t\t<div class=\"elementor-element elementor-element-ebd2f92 e-con-full e-flex e-con e-child\" data-id=\"ebd2f92\" data-element_type=\"container\">\n\t\t<div class=\"elementor-element elementor-element-f34659e e-con-full e-flex e-con e-child\" data-id=\"f34659e\" data-element_type=\"container\">\n\t\t\t\t<div class=\"elementor-element elementor-element-389e121 elementor-widget elementor-widget-text-editor\" data-id=\"389e121\" data-element_type=\"widget\" data-widget_type=\"text-editor.default\">\n\t\t\t\t\t\t\t\t\t<p>Para colaborar con la C\u00e1mara de Comercio Mozambique Espa\u00f1a, no es imprescindible ser miembro efectivo. Cualquier empresa, individuo o entidad que pueda aportar un apoyo, continuado o puntual, a la actividad de C\u00e1mara y sus miembros, podr\u00e1 establecer un protocolo de cooperaci\u00f3n para poner a disposici\u00f3n sus productos y servicios en condiciones ventajosas.<\/p>\t\t\t\t\t\t\t\t<\/div>\n\t\t\t\t<\/div>\n\t\t\t\t<\/div>\n\t\t<div class=\"elementor-element elementor-element-bda58e9 e-con-full e-flex e-con e-child\" data-id=\"bda58e9\" data-element_type=\"container\">\n\t\t<div class=\"elementor-element elementor-element-430896f e-con-full e-flex e-con e-child\" data-id=\"430896f\" data-element_type=\"container\">\n\t\t\t\t<div class=\"elementor-element elementor-element-15ec33d elementor-widget elementor-widget-image\" data-id=\"15ec33d\" data-element_type=\"widget\" data-widget_type=\"image.default\">\n\t\t\t\t\t\t\t\t\t\t\t\t\t\t\t\t<a href=\"https:\/\/www.mazars.co.mz\/\" target=\"_blank\" rel=\"nofollow\">\n\t\t\t\t\t\t\t<img fetchpriority=\"high\" decoding=\"async\" width=\"424\" height=\"200\" src=\"https:\/\/ccme.org.mz\/wp-content\/uploads\/2023\/10\/mazars.png\" class=\"attachment-large size-large wp-image-146\" alt=\"\" srcset=\"https:\/\/ccme.org.mz\/wp-content\/uploads\/2023\/10\/mazars.png 424w, https:\/\/ccme.org.mz\/wp-content\/uploads\/2023\/10\/mazars-300x142.png 300w\" sizes=\"(max-width: 424px) 100vw, 424px\" \/>\t\t\t\t\t\t\t\t<\/a>\n\t\t\t\t\t\t\t\t\t\t\t\t\t\t\t<\/div>\n\t\t\t\t<\/div>\n\t\t<div class=\"elementor-element elementor-element-aab033f e-con-full e-flex e-con e-child\" data-id=\"aab033f\" data-element_type=\"container\">\n\t\t\t\t<div class=\"elementor-element elementor-element-af62da2 elementor-widget elementor-widget-image\" data-id=\"af62da2\" data-element_type=\"widget\" data-widget_type=\"image.default\">\n\t\t\t\t\t\t\t\t\t\t\t\t\t\t\t\t<a href=\"https:\/\/www.nedbank.co.mz\/\" target=\"_blank\" rel=\"nofollow\">\n\t\t\t\t\t\t\t<img decoding=\"async\" width=\"424\" height=\"200\" src=\"https:\/\/ccme.org.mz\/wp-content\/uploads\/2023\/10\/nedbank.png\" class=\"attachment-large size-large wp-image-153\" alt=\"\" srcset=\"https:\/\/ccme.org.mz\/wp-content\/uploads\/2023\/10\/nedbank.png 424w, https:\/\/ccme.org.mz\/wp-content\/uploads\/2023\/10\/nedbank-300x142.png 300w\" sizes=\"(max-width: 424px) 100vw, 424px\" \/>\t\t\t\t\t\t\t\t<\/a>\n\t\t\t\t\t\t\t\t\t\t\t\t\t\t\t<\/div>\n\t\t\t\t<\/div>\n\t\t<div class=\"elementor-element elementor-element-71cccee e-con-full e-flex e-con e-child\" data-id=\"71cccee\" data-element_type=\"container\">\n\t\t\t\t<\/div>\n\t\t\t\t<\/div>\n\t\t\t\t<\/div>\n\t\t<div class=\"elementor-element elementor-element-b0818ed e-con-full sidebar-container e-flex e-con e-child\" data-id=\"b0818ed\" data-element_type=\"container\">\n\t\t\t\t<div class=\"elementor-element elementor-element-75f6be1 sidebar-navmenu elementor-widget elementor-widget-sidebar\" data-id=\"75f6be1\" data-element_type=\"widget\" data-widget_type=\"sidebar.default\">\n\t\t\t\t\t<div id=\"nav_menu-9\" class=\"widget clearfix widget_nav_menu\"><div class=\"menu-ser-socio-es-container\"><ul id=\"menu-ser-socio-es\" class=\"menu\"><li id=\"menu-item-311\" class=\"menu-item menu-item-type-post_type menu-item-object-page menu-item-311\"><a href=\"https:\/\/ccme.org.mz\/es\/ser-socio\/condiciones\/\">Condiciones<\/a><\/li>\n<li id=\"menu-item-310\" class=\"menu-item menu-item-type-post_type menu-item-object-page menu-item-310\"><a href=\"https:\/\/ccme.org.mz\/es\/ser-socio\/beneficios\/\">Beneficios<\/a><\/li>\n<li id=\"menu-item-309\" class=\"menu-item menu-item-type-post_type menu-item-object-page menu-item-309\"><a href=\"https:\/\/ccme.org.mz\/es\/ser-socio\/cuotas\/\">Cuotas<\/a><\/li>\n<li id=\"menu-item-308\" class=\"menu-item menu-item-type-post_type menu-item-object-page menu-item-308\"><a href=\"https:\/\/ccme.org.mz\/es\/ser-socio\/suscribirse\/\">Suscribirse<\/a><\/li>\n<li id=\"menu-item-307\" class=\"menu-item menu-item-type-post_type menu-item-object-page menu-item-307\"><a href=\"https:\/\/ccme.org.mz\/es\/ser-socio\/miembros\/\">Miembros<\/a><\/li>\n<li id=\"menu-item-306\" class=\"menu-item menu-item-type-post_type menu-item-object-page menu-item-306\"><a href=\"https:\/\/ccme.org.mz\/es\/ser-socio\/sponsors\/\">Sponsors<\/a><\/li>\n<li id=\"menu-item-305\" class=\"menu-item menu-item-type-post_type menu-item-object-page menu-item-305\"><a href=\"https:\/\/ccme.org.mz\/es\/ser-socio\/miembros-institucionales\/\">Miembros Institucionales<\/a><\/li>\n<\/ul><\/div><\/div>\t\t\t\t<\/div>\n\t\t\t\t<\/div>\n\t\t\t\t\t<\/div>\n\t\t\t\t<\/div>\n\t\t\t\t<\/div>\n\t\t","protected":false},"excerpt":{"rendered":"<p>Para colaborar con la C\u00e1mara de Comercio Mozambique Espa\u00f1a, no es imprescindible ser miembro efectivo. Cualquier empresa, individuo o entidad que pueda aportar un apoyo, continuado o puntual, a la actividad de C\u00e1mara y sus miembros, podr\u00e1 establecer un protocolo de cooperaci\u00f3n para poner a disposici\u00f3n sus productos y servicios en condiciones ventajosas.<\/p>\n","protected":false},"author":1,"featured_media":0,"parent":275,"menu_order":0,"comment_status":"closed","ping_status":"closed","template":"","meta":{"footnotes":""},"class_list":["post-276","page","type-page","status-publish","hentry"],"_links":{"self":[{"href":"https:\/\/ccme.org.mz\/es\/wp-json\/wp\/v2\/pages\/276","targetHints":{"allow":["GET"]}}],"collection":[{"href":"https:\/\/ccme.org.mz\/es\/wp-json\/wp\/v2\/pages"}],"about":[{"href":"https:\/\/ccme.org.mz\/es\/wp-json\/wp\/v2\/types\/page"}],"author":[{"embeddable":true,"href":"https:\/\/ccme.org.mz\/es\/wp-json\/wp\/v2\/users\/1"}],"replies":[{"embeddable":true,"href":"https:\/\/ccme.org.mz\/es\/wp-json\/wp\/v2\/comments?post=276"}],"version-history":[{"count":4,"href":"https:\/\/ccme.org.mz\/es\/wp-json\/wp\/v2\/pages\/276\/revisions"}],"predecessor-version":[{"id":1946,"href":"https:\/\/ccme.org.mz\/es\/wp-json\/wp\/v2\/pages\/276\/revisions\/1946"}],"up":[{"embeddable":true,"href":"https:\/\/ccme.org.mz\/es\/wp-json\/wp\/v2\/pages\/275"}],"wp:attachment":[{"href":"https:\/\/ccme.org.mz\/es\/wp-json\/wp\/v2\/media?parent=276"}],"curies":[{"name":"wp","href":"https:\/\/api.w.org\/{rel}","templated":true}]}}